{"id":1810,"date":"2023-08-25T12:41:31","date_gmt":"2023-08-25T12:41:31","guid":{"rendered":"https:\/\/ebe.lneg.pt\/?page_id=1810"},"modified":"2023-09-07T14:07:42","modified_gmt":"2023-09-07T14:07:42","slug":"accessibility","status":"publish","type":"page","link":"https:\/\/ebe.lneg.pt\/?page_id=1810","title":{"rendered":"Accessibility"},"content":{"rendered":"\t\t<div data-elementor-type=\"wp-page\" data-elementor-id=\"1810\" class=\"elementor elementor-1810\">\n\t\t\t\t\t\t\t\t\t<section class=\"elementor-section elementor-top-section elementor-element elementor-element-1f2dfa66 elementor-section-boxed elementor-section-height-default elementor-section-height-default\" data-id=\"1f2dfa66\" data-element_type=\"section\" data-settings=\"{&quot;background_background&quot;:&quot;classic&quot;}\">\n\t\t\t\t\t\t\t<div class=\"elementor-background-overlay\"><\/div>\n\t\t\t\t\t\t\t<div class=\"elementor-container elementor-column-gap-default\">\n\t\t\t\t\t<div class=\"elementor-column elementor-col-100 elementor-top-column elementor-element elementor-element-23da8c03\" data-id=\"23da8c03\" data-element_type=\"column\">\n\t\t\t<div class=\"elementor-widget-wrap elementor-element-populated\">\n\t\t\t\t\t\t\t\t<div class=\"elementor-element elementor-element-5661ffd4 elementor-view-default elementor-mobile-position-top elementor-vertical-align-top elementor-widget elementor-widget-icon-box\" data-id=\"5661ffd4\" data-element_type=\"widget\" data-widget_type=\"icon-box.default\">\n\t\t\t\t<div class=\"elementor-widget-container\">\n\t\t\t<link rel=\"stylesheet\" href=\"https:\/\/ebe.lneg.pt\/wp-content\/plugins\/elementor\/assets\/css\/widget-icon-box.min.css\">\t\t<div class=\"elementor-icon-box-wrapper\">\n\t\t\t\t\t\t<div class=\"elementor-icon-box-icon\">\n\t\t\t\t<span class=\"elementor-icon elementor-animation-\" >\n\t\t\t\t<i aria-hidden=\"true\" class=\"fab fa-accessible-icon\"><\/i>\t\t\t\t<\/span>\n\t\t\t<\/div>\n\t\t\t\t\t\t<div class=\"elementor-icon-box-content\">\n\t\t\t\t<h3 class=\"elementor-icon-box-title\">\n\t\t\t\t\t<span  >\n\t\t\t\t\t\tAccessibility\t\t\t\t\t<\/span>\n\t\t\t\t<\/h3>\n\t\t\t\t\t\t\t<\/div>\n\t\t<\/div>\n\t\t\t\t<\/div>\n\t\t\t\t<\/div>\n\t\t\t\t<div class=\"elementor-element elementor-element-54291b13 elementor-widget elementor-widget-text-editor\" data-id=\"54291b13\" data-element_type=\"widget\" data-widget_type=\"text-editor.default\">\n\t\t\t\t<div class=\"elementor-widget-container\">\n\t\t\t<style>\/*! elementor - v3.12.1 - 02-04-2023 *\/\n.elementor-widget-text-editor.elementor-drop-cap-view-stacked .elementor-drop-cap{background-color:#69727d;color:#fff}.elementor-widget-text-editor.elementor-drop-cap-view-framed .elementor-drop-cap{color:#69727d;border:3px solid;background-color:transparent}.elementor-widget-text-editor:not(.elementor-drop-cap-view-default) .elementor-drop-cap{margin-top:8px}.elementor-widget-text-editor:not(.elementor-drop-cap-view-default) .elementor-drop-cap-letter{width:1em;height:1em}.elementor-widget-text-editor .elementor-drop-cap{float:left;text-align:center;line-height:1;font-size:50px}.elementor-widget-text-editor .elementor-drop-cap-letter{display:inline-block}<\/style>\t\t\t\t<div title=\"Page 3\">\n<div>\n<div>\n<div>\n<h3><span><b>Declara\u00e7\u00e3o de Acessibilidade e Usabilidade<\/b><\/span><\/h3>\n<p><span>O LNEG compromete-se a disponibilizar o s\u00edtio Web <a href=\"https:\/\/ebe.lneg.pt\/\"><span><b><span style=\"text-decoration: underline;\"><span style=\"color: #ffffff; text-decoration: underline;\">ENERGY IN BUILT ENVIRONMENT &#8211; Climate driven solutions for next generation EU cities<\/span><\/span><\/b><\/span><\/a>, em conformidade com o Decreto-Lei n.\u00ba 83\/2018, de 19 de outubro, que transp\u00f5e a Diretiva (UE) 2016\/2102 do Parlamento Europeu e do Conselho, relativa \u00e0 acessibilidade dos s\u00edtios Web e das aplica\u00e7\u00f5es m\u00f3veis.<\/span><\/p>\n<h4><span><b>I. Estado de conformidade<\/b><\/span><\/h4>\n<p><span>O s\u00edtio Web <a href=\"https:\/\/ebe.lneg.pt\/\"><span><b><span style=\"color: #ffffff;\">ENERGY IN BUILT ENVIRONMENT &#8211; Climate driven solutions for next generation EU cities<\/span><\/b><\/span><\/a> est\u00e1 parcialmente conforme para com o Decreto-Lei n.\u00ba 83\/2018 de 19 de outubro.<\/span><\/p>\n<h4><span><b>II. Elabora\u00e7\u00e3o da presente declara\u00e7\u00e3o de acessibilidade e usabilidade<\/b><\/span><\/h4>\n<p><span>Esta declara\u00e7\u00e3o foi atualizada a 2023-08-25.<\/span><\/p>\n<p><span>De acordo com o artigo 9\u00ba do Decreto-Lei n.\u00ba 83\/2018, as entidades devem adotar os procedimentos de monitoriza\u00e7\u00e3o a seguir apresentados. Os procedimentos A) e B) s\u00e3o obrigat\u00f3rios. O procedimento C) \u00e9 recomendado.<\/span><\/p>\n<p><span><b>A. Avalia\u00e7\u00f5es autom\u00e1ticas levadas a efeito<\/b><\/span><\/p>\n<ul>\n<li style=\"list-style-type: none;\">\n<ul>\n<li><span>Ferramenta utilizada: accessMonitor v2.1<\/span><\/li>\n<li><span>Amostra: 1 p\u00e1ginas.<\/span><\/li>\n<li><span>Principais resultados (sum\u00e1rio): No total das p\u00e1ginas foi obtido um score de 8.5 na escala do AccessMonitor (1-10) tendo-se obtido os seguintes n\u00edveis de conformidade: 48% passa a bateria de testes para o n\u00edvel A; 27% passa os testes para o AA; 9% os testes para o AAA. 16 % n\u00e3o passam na bateria de testes.<br><\/span><\/li>\n<\/ul>\n<\/li>\n<\/ul>\n<p><span><b>B. Avalia\u00e7\u00f5es manuais levadas a efeito:<\/b><\/span><\/p>\n<p><span>O s\u00edtio Web ainda n\u00e3o foi alvo de uma avalia\u00e7\u00e3o manual \u00e0s pr\u00e1ticas de acessibilidade.<\/span><\/p>\n<p><span>Raz\u00f5es que levaram \u00e0 n\u00e3o realiza\u00e7\u00e3o de avalia\u00e7\u00f5es manuais:<\/span><\/p>\n<ul>\n<li><span>Constrangimentos de disponibilidade de tempo para a sua realiza\u00e7\u00e3o.<\/span><\/li>\n<\/ul>\n<p><span><b>C. Testes de usabilidade com pessoas com defici\u00eancia:<\/b><\/span><\/p>\n<p><span>O s\u00edtio Web ainda n\u00e3o foi alvo de testes com utilizadores com defici\u00eancia.<\/span><\/p>\n<h4><span><b>III. Contacto e solicita\u00e7\u00e3o de informa\u00e7\u00e3o relativa ao s\u00edtio Web<\/b><\/span><\/h4>\n<p><span>Para contactar, enviar sugest\u00f5es, efetuar reclama\u00e7\u00f5es ou solicitar informa\u00e7\u00e3o adicional relativamente aos conte\u00fados e\/ou funcionalidades presentes no s\u00edtio Web do LNEG, utilize, por favor, os seguintes meios:<\/span><\/p>\n<p><span>Correio eletr\u00f3nico<\/span><\/p>\n<p><span>comunicacao@lneg.pt<\/span><\/p>\n<h4><span><b>IV. Outras evid\u00eancias<\/b><\/span><\/h4>\n<p><span>Aquando do preenchimento da presente Declara\u00e7\u00e3o, o LNEG apresentou outras evid\u00eancias ou esfor\u00e7os para tornar o seu s\u00edtio Web conforme para com os requisitos de acessibilidade constantes do Decreto-Lei n.\u00ba 83\/2018, de 19 de outubro, nomeadamente atrav\u00e9s da instala\u00e7\u00e3o e configura\u00e7\u00e3o do <em>plugin<\/em> &#8220;One Click Accessability&#8221; para CMS WordPress, sendo este um dos mais utilizados no mundo<\/span><span>. <\/span><\/p>\n<p><span>&nbsp;<\/span><\/p>\n<h4><span><b>V. Den\u00fancia de situa\u00e7\u00f5es de discrimina\u00e7\u00e3o<\/b><\/span><\/h4>\n<p><span>De acordo com o n.\u00ba 1 do artigo 13.\u00ba do Decreto-Lei n.\u00ba 83\/2018, de 19 de outubro, sempre que uma pessoa com defici\u00eancia seja objeto de um tratamento menos favor\u00e1vel do que aquele que \u00e9, tenha sido ou venha a ser dado a outra pessoa em situa\u00e7\u00e3o compar\u00e1vel, que consubstancie uma pr\u00e1tica discriminat\u00f3ria contra pessoas com defici\u00eancia, prevista e punida nos termos do <a href=\"http:\/\/data.dre.pt\/eli\/lei\/46\/2006\/08\/28\/p\/dre\/pt\/html\"><span><b><span style=\"text-decoration: underline; color: #ffffff;\">artigo 4.\u00ba da Lei n.\u00ba 46\/2006, de 28 de agosto<\/span><\/b><\/span><\/a>, pode, essa pessoa, apresentar queixa, de acordo com o disposto no <a href=\"https:\/\/data.dre.pt\/eli\/dec-lei\/34\/2007\/02\/15\/p\/dre\/pt\/html\"><span><b><span style=\"text-decoration: underline;\"><span style=\"color: #ffffff; text-decoration: underline;\">Decreto-Lei n.\u00ba 34\/2007, de 15 de fevereiro<\/span><\/span><\/b><\/span><\/a>.<\/span><\/p>\n<p><span>O Instituto Nacional para a Reabilita\u00e7\u00e3o (INR, I.P.), disponibiliza um <a href=\"http:\/\/www.inr.pt\/resultados-de-pesquisa\/-\/journal_content\/56\/11309\/45065?p_p_auth=wje2GjQi\"><span><b><span style=\"text-decoration: underline;\"><span style=\"color: #ffffff; text-decoration: underline;\">formul\u00e1rio para denunciar situa\u00e7\u00f5es de discrimina\u00e7\u00e3o<\/span><\/span><\/b><\/span><\/a>, encaminhando as queixas apresentadas \u00e0s entidades competentes. Anualmente, o INR, I.P. elabora um relat\u00f3rio anual sobre a aplica\u00e7\u00e3o da lei que pro\u00edbe e pune a discrimina\u00e7\u00e3o em raz\u00e3o da defici\u00eancia e da exist\u00eancia de risco agravado de sa\u00fade (Lei n.o 46\/2006, de 28 de agosto).<\/span><\/p>\n<p><span>&#8230;&#8230;&#8230;&#8230;&#8230;&#8230;&#8230;&#8230;&#8230;&#8230;&#8230;&#8230;&#8230;&#8230;&#8230;&#8230;&#8230;&#8230;&#8230;&#8230;&#8230;&#8230;&#8230;&#8230;&#8230;&#8230;&#8230;&#8230;&#8230;&#8230;&#8230;&#8230;&#8230;&#8230;&#8230;&#8230;&#8230;&#8230;&#8230;&#8230;&#8230;&#8230;&#8230;&#8230;&#8230;&#8230;&#8230;&#8230;&#8230;&#8230;&#8230;&#8230;&#8230;&#8230;&#8230;&#8230;&#8230;&#8230;&#8230;&#8230;&#8230;&#8230;&#8230;&#8230;&#8230;&#8230;&#8230;&#8230;&#8230;&#8230;&#8230;<\/span><\/p>\n<p><span>A presente Declara\u00e7\u00e3o de Acessibilidade e Usabilidade foi criada com o aux\u00edlio do <a href=\"https:\/\/www.acessibilidade.gov.pt\/gerador\"><span><b><span style=\"text-decoration: underline; color: #ffffff;\">Gerador WAI-Tools PT v1.5<\/span><\/b><\/span><\/a>, desenvolvido no \u00e2mbito do projeto <a href=\"https:\/\/w3.org\/WAI\/Tools\"><span><b><span style=\"text-decoration: underline;\"><span style=\"color: #ffffff; text-decoration: underline;\">WAI-Tools<\/span><\/span><\/b><\/span><\/a>, de cujo cons\u00f3rcio a AMA \u00e9 parte integrante. A Declara\u00e7\u00e3o foi concebida em conformidade com o Decreto-Lei n.\u00ba 83\/2018, de 19 de outubro.<\/span><\/p>\n<h6><span style=\"color: #ffffff;\"><a style=\"color: #ffffff;\" href=\"https:\/\/ebe.lneg.pt\/\"><b><span style=\"text-decoration: underline;\">&lt;&lt; back<\/span><\/b><\/a><\/span><\/h6>\n<\/div>\n<\/div>\n<\/div>\n<\/div>\t\t\t\t\t\t<\/div>\n\t\t\t\t<\/div>\n\t\t\t\t\t<\/div>\n\t\t<\/div>\n\t\t\t\t\t\t\t<\/div>\n\t\t<\/section>\n\t\t\t\t\t\t\t<\/div>\n\t\t","protected":false},"excerpt":{"rendered":"<p>Accessibility Declara\u00e7\u00e3o de Acessibilidade e Usabilidade O LNEG compromete-se a disponibilizar o s\u00edtio Web ENERGY IN BUILT ENVIRONMENT &#8211; Climate driven solutions for next generation EU cities, em conformidade com o Decreto-Lei n.\u00ba 83\/2018, de 19 de outubro, que transp\u00f5e a Diretiva (UE) 2016\/2102 do Parlamento Europeu e do Conselho, relativa \u00e0 acessibilidade dos s\u00edtios [&hellip;]<\/p>\n","protected":false},"author":1,"featured_media":0,"parent":0,"menu_order":0,"comment_status":"closed","ping_status":"closed","template":"","meta":{"footnotes":""},"class_list":["post-1810","page","type-page","status-publish","hentry"],"_links":{"self":[{"href":"https:\/\/ebe.lneg.pt\/index.php?rest_route=\/wp\/v2\/pages\/1810","targetHints":{"allow":["GET"]}}],"collection":[{"href":"https:\/\/ebe.lneg.pt\/index.php?rest_route=\/wp\/v2\/pages"}],"about":[{"href":"https:\/\/ebe.lneg.pt\/index.php?rest_route=\/wp\/v2\/types\/page"}],"author":[{"embeddable":true,"href":"https:\/\/ebe.lneg.pt\/index.php?rest_route=\/wp\/v2\/users\/1"}],"replies":[{"embeddable":true,"href":"https:\/\/ebe.lneg.pt\/index.php?rest_route=%2Fwp%2Fv2%2Fcomments&post=1810"}],"version-history":[{"count":37,"href":"https:\/\/ebe.lneg.pt\/index.php?rest_route=\/wp\/v2\/pages\/1810\/revisions"}],"predecessor-version":[{"id":1857,"href":"https:\/\/ebe.lneg.pt\/index.php?rest_route=\/wp\/v2\/pages\/1810\/revisions\/1857"}],"wp:attachment":[{"href":"https:\/\/ebe.lneg.pt\/index.php?rest_route=%2Fwp%2Fv2%2Fmedia&parent=1810"}],"curies":[{"name":"wp","href":"https:\/\/api.w.org\/{rel}","templated":true}]}}